{"id":3,"date":"2025-05-21T16:45:56","date_gmt":"2025-05-21T16:45:56","guid":{"rendered":"https:\/\/sourcingpro.biz\/?page_id=3"},"modified":"2025-11-18T19:21:50","modified_gmt":"2025-11-19T00:21:50","slug":"privacy-policy","status":"publish","type":"page","link":"https:\/\/sourcingpro.biz\/en\/privacy-policy\/","title":{"rendered":"Pol\u00edtica de privacidad"},"content":{"rendered":"<div data-elementor-type=\"wp-page\" data-elementor-id=\"3\" class=\"elementor elementor-3\" data-elementor-post-type=\"page\">\n\t\t\t\t<div class=\"elementor-element elementor-element-fe70d1e e-flex e-con-boxed e-con e-parent\" data-id=\"fe70d1e\" data-element_type=\"container\" data-e-type=\"container\">\n\t\t\t\t\t<div class=\"e-con-inner\">\n\t\t\t\t<div class=\"elementor-element elementor-element-d095821 elementor-widget elementor-widget-heading\" data-id=\"d095821\" data-element_type=\"widget\" data-e-type=\"widget\" data-widget_type=\"heading.default\">\n\t\t\t\t<div class=\"elementor-widget-container\">\n\t\t\t\t\t<h2 class=\"elementor-heading-title elementor-size-default\">Privacy Policy<\/h2>\t\t\t\t<\/div>\n\t\t\t\t<\/div>\n\t\t\t\t\t<\/div>\n\t\t\t\t<\/div>\n\t\t<div class=\"elementor-element elementor-element-6e890e8f e-flex e-con-boxed e-con e-parent\" data-id=\"6e890e8f\" data-element_type=\"container\" data-e-type=\"container\">\n\t\t\t\t\t<div class=\"e-con-inner\">\n\t\t\t\t<div class=\"elementor-element elementor-element-6e115af0 elementor-widget__width-initial elementor-widget elementor-widget-text-editor\" data-id=\"6e115af0\" data-element_type=\"widget\" data-e-type=\"widget\" data-widget_type=\"text-editor.default\">\n\t\t\t\t<div class=\"elementor-widget-container\">\n\t\t\t\t\t\t\t\t\t\n<h2 class=\"wp-block-heading\">Bulletin terms and conditions<\/h2>\n\n<p>When you subscribe to Sourcingpro bulletin, you accept to receive electronic<br \/>communications about our services, novelties, promotions and strategic<br \/>content, according to the Law 81th, dated March 26, 2019, Official<br \/>Bulleting number 28743-A, dated March 29, 2021, and you explicitly authorize<br \/>Sourcingpro to collect, store and use your personal information<br \/>exclusively with commercial and marketing internal communications. We<br \/>commit to protect your personal information and secure<br \/>confidentiality. We will not share neither sell your data to<br \/>third parties without your consent.<br \/>You are entitled to exercise your rights to know, update,<br \/>rectify or request deletion of your personal data, as to revoke<br \/>your consent, by direct communication to our electronic<br \/>email or using cancellation link included in each of<br \/>our bulletins.<\/p>\n\t\t\t\t\t\t\t\t<\/div>\n\t\t\t\t<\/div>\n\t\t\t\t\t<\/div>\n\t\t\t\t<\/div>\n\t\t\t\t<\/div>","protected":false},"excerpt":{"rendered":"<p>Pol\u00edtica de Privacidad T\u00e9rminos y Condiciones del Bolet\u00edn Al suscribirte al bolet\u00edn de SourcingPro, aceptas recibir comunicacioneselectr\u00f3nicas sobre nuestros servicios, novedades, promociones y contenidosestrat\u00e9gicos. De acuerdo con la Ley 81 de 26 de marzo de 2019, GacetaOficial No. 28743-A, de 29 de marzo de 2021, autorizas expresamente aSourcingPro a recolectar, almacenar y utilizar tus datos &#8230; <a title=\"Pol\u00edtica de privacidad\" class=\"read-more\" href=\"https:\/\/sourcingpro.biz\/en\/privacy-policy\/\" aria-label=\"Read more about Pol\u00edtica de privacidad\">Read more<\/a><\/p>","protected":false},"author":1,"featured_media":0,"parent":0,"menu_order":0,"comment_status":"closed","ping_status":"open","template":"","meta":{"footnotes":""},"class_list":["post-3","page","type-page","status-publish"],"yoast_head":"<!-- This site is optimized with the Yoast SEO plugin v27.4 - https:\/\/yoast.com\/product\/yoast-seo-wordpress\/ -->\n<title>Pol\u00edtica de privacidad | Sourcingpro<\/title>\n<meta name=\"robots\" content=\"index, follow, max-snippet:-1, max-image-preview:large, max-video-preview:-1\" \/>\n<link rel=\"canonical\" href=\"https:\/\/sourcingpro.biz\/en\/privacy-policy\/\" \/>\n<meta property=\"og:locale\" content=\"en_US\" \/>\n<meta property=\"og:type\" content=\"article\" \/>\n<meta property=\"og:title\" content=\"Pol\u00edtica de privacidad | Sourcingpro\" \/>\n<meta property=\"og:description\" content=\"Pol\u00edtica de Privacidad T\u00e9rminos y Condiciones del Bolet\u00edn Al suscribirte al bolet\u00edn de SourcingPro, aceptas recibir comunicacioneselectr\u00f3nicas sobre nuestros servicios, novedades, promociones y contenidosestrat\u00e9gicos. De acuerdo con la Ley 81 de 26 de marzo de 2019, GacetaOficial No. 28743-A, de 29 de marzo de 2021, autorizas expresamente aSourcingPro a recolectar, almacenar y utilizar tus datos ... Read more\" \/>\n<meta property=\"og:url\" content=\"https:\/\/sourcingpro.biz\/en\/privacy-policy\/\" \/>\n<meta property=\"og:site_name\" content=\"Sourcingpro\" \/>\n<meta property=\"article:modified_time\" content=\"2025-11-19T00:21:50+00:00\" \/>\n<meta property=\"og:image\" content=\"https:\/\/sourcingpro.biz\/wp-content\/uploads\/2025\/06\/Imagen1.png\" \/>\n\t<meta property=\"og:image:width\" content=\"922\" \/>\n\t<meta property=\"og:image:height\" content=\"520\" \/>\n\t<meta property=\"og:image:type\" content=\"image\/png\" \/>\n<meta name=\"twitter:card\" content=\"summary_large_image\" \/>\n<meta name=\"twitter:label1\" content=\"Est. reading time\" \/>\n\t<meta name=\"twitter:data1\" content=\"1 minute\" \/>\n<script type=\"application\/ld+json\" class=\"yoast-schema-graph\">{\"@context\":\"https:\\\/\\\/schema.org\",\"@graph\":[{\"@type\":\"WebPage\",\"@id\":\"https:\\\/\\\/sourcingpro.biz\\\/privacy-policy\\\/\",\"url\":\"https:\\\/\\\/sourcingpro.biz\\\/privacy-policy\\\/\",\"name\":\"Pol\u00edtica de privacidad | Sourcingpro\",\"isPartOf\":{\"@id\":\"https:\\\/\\\/sourcingpro.biz\\\/#website\"},\"datePublished\":\"2025-05-21T16:45:56+00:00\",\"dateModified\":\"2025-11-19T00:21:50+00:00\",\"breadcrumb\":{\"@id\":\"https:\\\/\\\/sourcingpro.biz\\\/privacy-policy\\\/#breadcrumb\"},\"inLanguage\":\"en-US\",\"potentialAction\":[{\"@type\":\"ReadAction\",\"target\":[\"https:\\\/\\\/sourcingpro.biz\\\/privacy-policy\\\/\"]}]},{\"@type\":\"BreadcrumbList\",\"@id\":\"https:\\\/\\\/sourcingpro.biz\\\/privacy-policy\\\/#breadcrumb\",\"itemListElement\":[{\"@type\":\"ListItem\",\"position\":1,\"name\":\"Inicio\",\"item\":\"https:\\\/\\\/sourcingpro.biz\\\/\"},{\"@type\":\"ListItem\",\"position\":2,\"name\":\"Pol\u00edtica de privacidad\"}]},{\"@type\":\"WebSite\",\"@id\":\"https:\\\/\\\/sourcingpro.biz\\\/#website\",\"url\":\"https:\\\/\\\/sourcingpro.biz\\\/\",\"name\":\"Sourcingpro\",\"description\":\"Maximizamos tu rentabilidad mediante la optimizaci\u00f3n del gasto\",\"publisher\":{\"@id\":\"https:\\\/\\\/sourcingpro.biz\\\/#organization\"},\"potentialAction\":[{\"@type\":\"SearchAction\",\"target\":{\"@type\":\"EntryPoint\",\"urlTemplate\":\"https:\\\/\\\/sourcingpro.biz\\\/?s={search_term_string}\"},\"query-input\":{\"@type\":\"PropertyValueSpecification\",\"valueRequired\":true,\"valueName\":\"search_term_string\"}}],\"inLanguage\":\"en-US\"},{\"@type\":\"Organization\",\"@id\":\"https:\\\/\\\/sourcingpro.biz\\\/#organization\",\"name\":\"Sourcingpro\",\"url\":\"https:\\\/\\\/sourcingpro.biz\\\/\",\"logo\":{\"@type\":\"ImageObject\",\"inLanguage\":\"en-US\",\"@id\":\"https:\\\/\\\/sourcingpro.biz\\\/#\\\/schema\\\/logo\\\/image\\\/\",\"url\":\"https:\\\/\\\/sourcingpro.biz\\\/wp-content\\\/uploads\\\/2025\\\/06\\\/Icon-3.svg\",\"contentUrl\":\"https:\\\/\\\/sourcingpro.biz\\\/wp-content\\\/uploads\\\/2025\\\/06\\\/Icon-3.svg\",\"width\":322,\"height\":402,\"caption\":\"Sourcingpro\"},\"image\":{\"@id\":\"https:\\\/\\\/sourcingpro.biz\\\/#\\\/schema\\\/logo\\\/image\\\/\"}}]}<\/script>\n<!-- \/ Yoast SEO plugin. -->","yoast_head_json":{"title":"Pol\u00edtica de privacidad | Sourcingpro","robots":{"index":"index","follow":"follow","max-snippet":"max-snippet:-1","max-image-preview":"max-image-preview:large","max-video-preview":"max-video-preview:-1"},"canonical":"https:\/\/sourcingpro.biz\/en\/privacy-policy\/","og_locale":"en_US","og_type":"article","og_title":"Pol\u00edtica de privacidad | Sourcingpro","og_description":"Pol\u00edtica de Privacidad T\u00e9rminos y Condiciones del Bolet\u00edn Al suscribirte al bolet\u00edn de SourcingPro, aceptas recibir comunicacioneselectr\u00f3nicas sobre nuestros servicios, novedades, promociones y contenidosestrat\u00e9gicos. De acuerdo con la Ley 81 de 26 de marzo de 2019, GacetaOficial No. 28743-A, de 29 de marzo de 2021, autorizas expresamente aSourcingPro a recolectar, almacenar y utilizar tus datos ... Read more","og_url":"https:\/\/sourcingpro.biz\/en\/privacy-policy\/","og_site_name":"Sourcingpro","article_modified_time":"2025-11-19T00:21:50+00:00","og_image":[{"width":922,"height":520,"url":"https:\/\/sourcingpro.biz\/wp-content\/uploads\/2025\/06\/Imagen1.png","type":"image\/png"}],"twitter_card":"summary_large_image","twitter_misc":{"Est. reading time":"1 minute"},"schema":{"@context":"https:\/\/schema.org","@graph":[{"@type":"WebPage","@id":"https:\/\/sourcingpro.biz\/privacy-policy\/","url":"https:\/\/sourcingpro.biz\/privacy-policy\/","name":"Pol\u00edtica de privacidad | Sourcingpro","isPartOf":{"@id":"https:\/\/sourcingpro.biz\/#website"},"datePublished":"2025-05-21T16:45:56+00:00","dateModified":"2025-11-19T00:21:50+00:00","breadcrumb":{"@id":"https:\/\/sourcingpro.biz\/privacy-policy\/#breadcrumb"},"inLanguage":"en-US","potentialAction":[{"@type":"ReadAction","target":["https:\/\/sourcingpro.biz\/privacy-policy\/"]}]},{"@type":"BreadcrumbList","@id":"https:\/\/sourcingpro.biz\/privacy-policy\/#breadcrumb","itemListElement":[{"@type":"ListItem","position":1,"name":"Inicio","item":"https:\/\/sourcingpro.biz\/"},{"@type":"ListItem","position":2,"name":"Pol\u00edtica de privacidad"}]},{"@type":"WebSite","@id":"https:\/\/sourcingpro.biz\/#website","url":"https:\/\/sourcingpro.biz\/","name":"Sourcingpro","description":"Maximizamos tu rentabilidad mediante la optimizaci\u00f3n del gasto","publisher":{"@id":"https:\/\/sourcingpro.biz\/#organization"},"potentialAction":[{"@type":"SearchAction","target":{"@type":"EntryPoint","urlTemplate":"https:\/\/sourcingpro.biz\/?s={search_term_string}"},"query-input":{"@type":"PropertyValueSpecification","valueRequired":true,"valueName":"search_term_string"}}],"inLanguage":"en-US"},{"@type":"Organization","@id":"https:\/\/sourcingpro.biz\/#organization","name":"Sourcingpro","url":"https:\/\/sourcingpro.biz\/","logo":{"@type":"ImageObject","inLanguage":"en-US","@id":"https:\/\/sourcingpro.biz\/#\/schema\/logo\/image\/","url":"https:\/\/sourcingpro.biz\/wp-content\/uploads\/2025\/06\/Icon-3.svg","contentUrl":"https:\/\/sourcingpro.biz\/wp-content\/uploads\/2025\/06\/Icon-3.svg","width":322,"height":402,"caption":"Sourcingpro"},"image":{"@id":"https:\/\/sourcingpro.biz\/#\/schema\/logo\/image\/"}}]}},"_links":{"self":[{"href":"https:\/\/sourcingpro.biz\/en\/wp-json\/wp\/v2\/pages\/3","targetHints":{"allow":["GET"]}}],"collection":[{"href":"https:\/\/sourcingpro.biz\/en\/wp-json\/wp\/v2\/pages"}],"about":[{"href":"https:\/\/sourcingpro.biz\/en\/wp-json\/wp\/v2\/types\/page"}],"author":[{"embeddable":true,"href":"https:\/\/sourcingpro.biz\/en\/wp-json\/wp\/v2\/users\/1"}],"replies":[{"embeddable":true,"href":"https:\/\/sourcingpro.biz\/en\/wp-json\/wp\/v2\/comments?post=3"}],"version-history":[{"count":18,"href":"https:\/\/sourcingpro.biz\/en\/wp-json\/wp\/v2\/pages\/3\/revisions"}],"predecessor-version":[{"id":851,"href":"https:\/\/sourcingpro.biz\/en\/wp-json\/wp\/v2\/pages\/3\/revisions\/851"}],"wp:attachment":[{"href":"https:\/\/sourcingpro.biz\/en\/wp-json\/wp\/v2\/media?parent=3"}],"curies":[{"name":"wp","href":"https:\/\/api.w.org\/{rel}","templated":true}]}}