{"id":552,"date":"2025-07-09T18:12:32","date_gmt":"2025-07-09T18:12:32","guid":{"rendered":"https:\/\/sourcingpro.biz\/?page_id=552"},"modified":"2025-08-27T19:11:45","modified_gmt":"2025-08-27T19:11:45","slug":"contacto","status":"publish","type":"page","link":"https:\/\/sourcingpro.biz\/en\/contacto\/","title":{"rendered":"Contact form"},"content":{"rendered":"<div data-elementor-type=\"wp-page\" data-elementor-id=\"552\" class=\"elementor elementor-552\" data-elementor-post-type=\"page\">\n\t\t\t\t\t\t<section class=\"elementor-section elementor-top-section elementor-element elementor-element-1600f54 elementor-section-height-min-height elementor-section-boxed elementor-section-height-default elementor-section-items-middle\" data-id=\"1600f54\" data-element_type=\"section\" data-e-type=\"section\" data-settings=\"{&quot;background_background&quot;:&quot;classic&quot;}\">\n\t\t\t\t\t\t\t<div class=\"elementor-background-overlay\"><\/div>\n\t\t\t\t\t\t\t<div class=\"elementor-container elementor-column-gap-default\">\n\t\t\t\t\t<div class=\"elementor-column elementor-col-100 elementor-top-column elementor-element elementor-element-acbeda2\" data-id=\"acbeda2\" data-element_type=\"column\" data-e-type=\"column\">\n\t\t\t<div class=\"elementor-widget-wrap elementor-element-populated\">\n\t\t\t\t\t\t<div class=\"elementor-element elementor-element-85e3967 elementor-widget elementor-widget-heading\" data-id=\"85e3967\" data-element_type=\"widget\" data-e-type=\"widget\" data-widget_type=\"heading.default\">\n\t\t\t\t<div class=\"elementor-widget-container\">\n\t\t\t\t\t<h1 class=\"elementor-heading-title elementor-size-default\">Contact form<\/h1>\t\t\t\t<\/div>\n\t\t\t\t<\/div>\n\t\t\t\t<div class=\"elementor-element elementor-element-fefbd1a elementor-widget__width-initial elementor-widget-mobile__width-initial elementor-widget elementor-widget-text-editor\" data-id=\"fefbd1a\" data-element_type=\"widget\" data-e-type=\"widget\" data-widget_type=\"text-editor.default\">\n\t\t\t\t<div class=\"elementor-widget-container\">\n\t\t\t\t\t\t\t\t\t<p>We are just one step to start a win win business, share your information and we will contact you soon<\/p>\t\t\t\t\t\t\t\t<\/div>\n\t\t\t\t<\/div>\n\t\t\t\t\t<\/div>\n\t\t<\/div>\n\t\t\t\t\t<\/div>\n\t\t<\/section>\n\t\t<div class=\"elementor-element elementor-element-5943266 e-flex e-con-boxed e-con e-parent\" data-id=\"5943266\" data-element_type=\"container\" data-e-type=\"container\" data-settings=\"{&quot;background_background&quot;:&quot;classic&quot;}\">\n\t\t\t\t\t<div class=\"e-con-inner\">\n\t\t\t\t<div class=\"elementor-element elementor-element-a28dd05 elementor-button-align-stretch elementor-widget elementor-widget-form\" data-id=\"a28dd05\" data-element_type=\"widget\" data-e-type=\"widget\" data-settings=\"{&quot;step_next_label&quot;:&quot;Next&quot;,&quot;step_previous_label&quot;:&quot;Previous&quot;,&quot;button_width&quot;:&quot;100&quot;,&quot;step_type&quot;:&quot;number_text&quot;,&quot;step_icon_shape&quot;:&quot;circle&quot;}\" data-widget_type=\"form.default\">\n\t\t\t\t<div class=\"elementor-widget-container\">\n\t\t\t\t\t\t\t<form class=\"elementor-form\" method=\"post\" name=\"Formulario Brief\" aria-label=\"Formulario Brief\" action=\"\">\n\t\t\t<input type=\"hidden\" name=\"post_id\" value=\"552\"\/>\n\t\t\t<input type=\"hidden\" name=\"form_id\" value=\"a28dd05\"\/>\n\t\t\t<input type=\"hidden\" name=\"referer_title\" value=\"Formulario de contacto | Sourcingpro\" \/>\n\n\t\t\t\t\t\t\t<input type=\"hidden\" name=\"queried_id\" value=\"552\"\/>\n\t\t\t\n\t\t\t<div class=\"elementor-form-fields-wrapper elementor-labels-above\">\n\t\t\t\t\t\t\t\t<div class=\"elementor-field-type-text elementor-field-group elementor-column elementor-field-group-name elementor-col-100\">\n\t\t\t\t\t\t\t\t\t\t\t\t<label for=\"form-field-name\" class=\"elementor-field-label\">\n\t\t\t\t\t\t\t\tName of Company\t\t\t\t\t\t\t<\/label>\n\t\t\t\t\t\t\t\t\t\t\t\t\t\t<input size=\"1\" type=\"text\" name=\"form_fields[name]\" id=\"form-field-name\" class=\"elementor-field elementor-size-sm  elementor-field-textual\" placeholder=\"Company\">\n\t\t\t\t\t\t\t\t\t\t\t<\/div>\n\t\t\t\t\t\t\t\t<div class=\"elementor-field-type-text elementor-field-group elementor-column elementor-field-group-field_288b774 elementor-col-100 elementor-field-required elementor-mark-required\">\n\t\t\t\t\t\t\t\t\t\t\t\t<label for=\"form-field-field_288b774\" class=\"elementor-field-label\">\n\t\t\t\t\t\t\t\tYour Name\t\t\t\t\t\t\t<\/label>\n\t\t\t\t\t\t\t\t\t\t\t\t\t\t<input size=\"1\" type=\"text\" name=\"form_fields[field_288b774]\" id=\"form-field-field_288b774\" class=\"elementor-field elementor-size-sm  elementor-field-textual\" placeholder=\"First and last name\" required=\"required\">\n\t\t\t\t\t\t\t\t\t\t\t<\/div>\n\t\t\t\t\t\t\t\t<div class=\"elementor-field-type-text elementor-field-group elementor-column elementor-field-group-field_449a8b0 elementor-col-100 elementor-field-required elementor-mark-required\">\n\t\t\t\t\t\t\t\t\t\t\t\t<label for=\"form-field-field_449a8b0\" class=\"elementor-field-label\">\n\t\t\t\t\t\t\t\tPosition\t\t\t\t\t\t\t<\/label>\n\t\t\t\t\t\t\t\t\t\t\t\t\t\t<input size=\"1\" type=\"text\" name=\"form_fields[field_449a8b0]\" id=\"form-field-field_449a8b0\" class=\"elementor-field elementor-size-sm  elementor-field-textual\" placeholder=\"Title\" required=\"required\">\n\t\t\t\t\t\t\t\t\t\t\t<\/div>\n\t\t\t\t\t\t\t\t<div class=\"elementor-field-type-email elementor-field-group elementor-column elementor-field-group-email elementor-col-100 elementor-field-required elementor-mark-required\">\n\t\t\t\t\t\t\t\t\t\t\t\t<label for=\"form-field-email\" class=\"elementor-field-label\">\n\t\t\t\t\t\t\t\tEmail\t\t\t\t\t\t\t<\/label>\n\t\t\t\t\t\t\t\t\t\t\t\t\t\t<input size=\"1\" type=\"email\" name=\"form_fields[email]\" id=\"form-field-email\" class=\"elementor-field elementor-size-sm  elementor-field-textual\" placeholder=\"Email\" required=\"required\">\n\t\t\t\t\t\t\t\t\t\t\t<\/div>\n\t\t\t\t\t\t\t\t<div class=\"elementor-field-type-text elementor-field-group elementor-column elementor-field-group-field_40bc466 elementor-col-100 elementor-field-required elementor-mark-required\">\n\t\t\t\t\t\t\t\t\t\t\t\t<label for=\"form-field-field_40bc466\" class=\"elementor-field-label\">\n\t\t\t\t\t\t\t\tMobile\t\t\t\t\t\t\t<\/label>\n\t\t\t\t\t\t\t\t\t\t\t\t\t\t<input size=\"1\" type=\"text\" name=\"form_fields[field_40bc466]\" id=\"form-field-field_40bc466\" class=\"elementor-field elementor-size-sm  elementor-field-textual\" placeholder=\"+57 300 679 5278\" required=\"required\">\n\t\t\t\t\t\t\t\t\t\t\t<\/div>\n\t\t\t\t\t\t\t\t<div class=\"elementor-field-type-checkbox elementor-field-group elementor-column elementor-field-group-apoyo elementor-col-100\">\n\t\t\t\t\t\t\t\t\t\t\t\t<label for=\"form-field-apoyo\" class=\"elementor-field-label\">\n\t\t\t\t\t\t\t\tWhat kind of support are you looking for?\t\t\t\t\t\t\t<\/label>\n\t\t\t\t\t\t<div class=\"elementor-field-subgroup\"><span class=\"elementor-field-option\"><input type=\"checkbox\" value=\"Reducci\u00f3n de costos con proveedores\" id=\"form-field-apoyo-0\" name=\"form_fields[apoyo][]\"> <label for=\"form-field-apoyo-0\">Supplier Cost Reduction<\/label><\/span><span class=\"elementor-field-option\"><input type=\"checkbox\" value=\"Mejora de procesos de compras\" id=\"form-field-apoyo-1\" name=\"form_fields[apoyo][]\"> <label for=\"form-field-apoyo-1\">Improvement of Sourcing Processes<\/label><\/span><span class=\"elementor-field-option\"><input type=\"checkbox\" value=\"Diagn\u00f3stico o transformaci\u00f3n del \u00e1rea de compras\" id=\"form-field-apoyo-2\" name=\"form_fields[apoyo][]\"> <label for=\"form-field-apoyo-2\">Diagn\u00f3stic or transformation of your sourcing unit<\/label><\/span><span class=\"elementor-field-option\"><input type=\"checkbox\" value=\"Apoyo con negociaciones estrat\u00e9gicas\" id=\"form-field-apoyo-3\" name=\"form_fields[apoyo][]\"> <label for=\"form-field-apoyo-3\">Support doing strategic sourcing<\/label><\/span><span class=\"elementor-field-option\"><input type=\"checkbox\" value=\"Formaci\u00f3n o entrenamiento a equipos\" id=\"form-field-apoyo-4\" name=\"form_fields[apoyo][]\"> <label for=\"form-field-apoyo-4\">Trainings<\/label><\/span><span class=\"elementor-field-option\"><input type=\"checkbox\" value=\"Cumplimiento y auditor\u00eda de proveedores\" id=\"form-field-apoyo-5\" name=\"form_fields[apoyo][]\"> <label for=\"form-field-apoyo-5\">Supplier audit \/ compliance<\/label><\/span><span class=\"elementor-field-option\"><input type=\"checkbox\" value=\"Otro\" id=\"form-field-apoyo-6\" name=\"form_fields[apoyo][]\"> <label for=\"form-field-apoyo-6\">Other<\/label><\/span><\/div>\t\t\t\t<\/div>\n\t\t\t\t\t\t\t\t<div class=\"elementor-field-type-checkbox elementor-field-group elementor-column elementor-field-group-medios elementor-col-100\">\n\t\t\t\t\t\t\t\t\t\t\t\t<label for=\"form-field-medios\" class=\"elementor-field-label\">\n\t\t\t\t\t\t\t\tHow do you prefer to be contacted?\t\t\t\t\t\t\t<\/label>\n\t\t\t\t\t\t<div class=\"elementor-field-subgroup\"><span class=\"elementor-field-option\"><input type=\"checkbox\" value=\"WhatsApp\" id=\"form-field-medios-0\" name=\"form_fields[medios][]\"> <label for=\"form-field-medios-0\">WhatsApp<\/label><\/span><span class=\"elementor-field-option\"><input type=\"checkbox\" value=\"Tel\u00e9fono\" id=\"form-field-medios-1\" name=\"form_fields[medios][]\"> <label for=\"form-field-medios-1\">Phone<\/label><\/span><span class=\"elementor-field-option\"><input type=\"checkbox\" value=\"Reuni\u00f3n presencial\" id=\"form-field-medios-2\" name=\"form_fields[medios][]\"> <label for=\"form-field-medios-2\">Meeting<\/label><\/span><span class=\"elementor-field-option\"><input type=\"checkbox\" value=\"Otro\" id=\"form-field-medios-3\" name=\"form_fields[medios][]\"> <label for=\"form-field-medios-3\">Other<\/label><\/span><\/div>\t\t\t\t<\/div>\n\t\t\t\t\t\t\t\t<div class=\"elementor-field-type-textarea elementor-field-group elementor-column elementor-field-group-message elementor-col-100 elementor-field-required elementor-mark-required\">\n\t\t\t\t\t\t\t\t\t\t\t\t<label for=\"form-field-message\" class=\"elementor-field-label\">\n\t\t\t\t\t\t\t\tAdditional message:\t\t\t\t\t\t\t<\/label>\n\t\t\t\t\t\t<textarea class=\"elementor-field-textual elementor-field  elementor-size-sm\" name=\"form_fields[message]\" id=\"form-field-message\" rows=\"4\" placeholder=\"Message\" required=\"required\"><\/textarea>\t\t\t\t<\/div>\n\t\t\t\t\t\t\t\t<div class=\"elementor-field-group elementor-column elementor-field-type-submit elementor-col-100 e-form__buttons\">\n\t\t\t\t\t<button class=\"elementor-button elementor-size-sm\" type=\"submit\">\n\t\t\t\t\t\t<span class=\"elementor-button-content-wrapper\">\n\t\t\t\t\t\t\t\t\t\t\t\t\t\t\t\t\t\t\t\t\t\t<span class=\"elementor-button-text\">Send<\/span>\n\t\t\t\t\t\t\t\t\t\t\t\t\t<\/span>\n\t\t\t\t\t<\/button>\n\t\t\t\t<\/div>\n\t\t\t<\/div>\n\t\t<input type=\"hidden\" name=\"trp-form-language\" value=\"en\"\/><\/form>\n\t\t\t\t\t\t<\/div>\n\t\t\t\t<\/div>\n\t\t\t\t\t<\/div>\n\t\t\t\t<\/div>\n\t\t\t\t<\/div>","protected":false},"excerpt":{"rendered":"<p>Formulario de contacto Estamos a un paso de poder ayudarte directamente, comp\u00e1rtenos esta informaci\u00f3n y en breve te contactaremos.<\/p>","protected":false},"author":1,"featured_media":0,"parent":0,"menu_order":0,"comment_status":"closed","ping_status":"closed","template":"","meta":{"footnotes":""},"class_list":["post-552","page","type-page","status-publish"],"yoast_head":"<!-- This site is optimized with the Yoast SEO plugin v27.4 - https:\/\/yoast.com\/product\/yoast-seo-wordpress\/ -->\n<title>Formulario de contacto | Sourcingpro<\/title>\n<meta name=\"robots\" content=\"index, follow, max-snippet:-1, max-image-preview:large, max-video-preview:-1\" \/>\n<link rel=\"canonical\" href=\"https:\/\/sourcingpro.biz\/en\/contacto\/\" \/>\n<meta property=\"og:locale\" content=\"en_US\" \/>\n<meta property=\"og:type\" content=\"article\" \/>\n<meta property=\"og:title\" content=\"Formulario de contacto | Sourcingpro\" \/>\n<meta property=\"og:description\" content=\"Formulario de contacto Estamos a un paso de poder ayudarte directamente, comp\u00e1rtenos esta informaci\u00f3n y en breve te contactaremos.\" \/>\n<meta property=\"og:url\" content=\"https:\/\/sourcingpro.biz\/en\/contacto\/\" \/>\n<meta property=\"og:site_name\" content=\"Sourcingpro\" \/>\n<meta property=\"article:modified_time\" content=\"2025-08-27T19:11:45+00:00\" \/>\n<meta property=\"og:image\" content=\"https:\/\/sourcingpro.biz\/wp-content\/uploads\/2025\/06\/Imagen1.png\" \/>\n\t<meta property=\"og:image:width\" content=\"922\" \/>\n\t<meta property=\"og:image:height\" content=\"520\" \/>\n\t<meta property=\"og:image:type\" content=\"image\/png\" \/>\n<meta name=\"twitter:card\" content=\"summary_large_image\" \/>\n<meta name=\"twitter:label1\" content=\"Est. reading time\" \/>\n\t<meta name=\"twitter:data1\" content=\"1 minute\" \/>\n<script type=\"application\/ld+json\" class=\"yoast-schema-graph\">{\"@context\":\"https:\\\/\\\/schema.org\",\"@graph\":[{\"@type\":\"WebPage\",\"@id\":\"https:\\\/\\\/sourcingpro.biz\\\/contacto\\\/\",\"url\":\"https:\\\/\\\/sourcingpro.biz\\\/contacto\\\/\",\"name\":\"Formulario de contacto | Sourcingpro\",\"isPartOf\":{\"@id\":\"https:\\\/\\\/sourcingpro.biz\\\/#website\"},\"datePublished\":\"2025-07-09T18:12:32+00:00\",\"dateModified\":\"2025-08-27T19:11:45+00:00\",\"breadcrumb\":{\"@id\":\"https:\\\/\\\/sourcingpro.biz\\\/contacto\\\/#breadcrumb\"},\"inLanguage\":\"en-US\",\"potentialAction\":[{\"@type\":\"ReadAction\",\"target\":[\"https:\\\/\\\/sourcingpro.biz\\\/contacto\\\/\"]}]},{\"@type\":\"BreadcrumbList\",\"@id\":\"https:\\\/\\\/sourcingpro.biz\\\/contacto\\\/#breadcrumb\",\"itemListElement\":[{\"@type\":\"ListItem\",\"position\":1,\"name\":\"Inicio\",\"item\":\"https:\\\/\\\/sourcingpro.biz\\\/\"},{\"@type\":\"ListItem\",\"position\":2,\"name\":\"Formulario de contacto\"}]},{\"@type\":\"WebSite\",\"@id\":\"https:\\\/\\\/sourcingpro.biz\\\/#website\",\"url\":\"https:\\\/\\\/sourcingpro.biz\\\/\",\"name\":\"Sourcingpro\",\"description\":\"Maximizamos tu rentabilidad mediante la optimizaci\u00f3n del gasto\",\"publisher\":{\"@id\":\"https:\\\/\\\/sourcingpro.biz\\\/#organization\"},\"potentialAction\":[{\"@type\":\"SearchAction\",\"target\":{\"@type\":\"EntryPoint\",\"urlTemplate\":\"https:\\\/\\\/sourcingpro.biz\\\/?s={search_term_string}\"},\"query-input\":{\"@type\":\"PropertyValueSpecification\",\"valueRequired\":true,\"valueName\":\"search_term_string\"}}],\"inLanguage\":\"en-US\"},{\"@type\":\"Organization\",\"@id\":\"https:\\\/\\\/sourcingpro.biz\\\/#organization\",\"name\":\"Sourcingpro\",\"url\":\"https:\\\/\\\/sourcingpro.biz\\\/\",\"logo\":{\"@type\":\"ImageObject\",\"inLanguage\":\"en-US\",\"@id\":\"https:\\\/\\\/sourcingpro.biz\\\/#\\\/schema\\\/logo\\\/image\\\/\",\"url\":\"https:\\\/\\\/sourcingpro.biz\\\/wp-content\\\/uploads\\\/2025\\\/06\\\/Icon-3.svg\",\"contentUrl\":\"https:\\\/\\\/sourcingpro.biz\\\/wp-content\\\/uploads\\\/2025\\\/06\\\/Icon-3.svg\",\"width\":322,\"height\":402,\"caption\":\"Sourcingpro\"},\"image\":{\"@id\":\"https:\\\/\\\/sourcingpro.biz\\\/#\\\/schema\\\/logo\\\/image\\\/\"}}]}<\/script>\n<!-- \/ Yoast SEO plugin. -->","yoast_head_json":{"title":"Formulario de contacto | Sourcingpro","robots":{"index":"index","follow":"follow","max-snippet":"max-snippet:-1","max-image-preview":"max-image-preview:large","max-video-preview":"max-video-preview:-1"},"canonical":"https:\/\/sourcingpro.biz\/en\/contacto\/","og_locale":"en_US","og_type":"article","og_title":"Formulario de contacto | Sourcingpro","og_description":"Formulario de contacto Estamos a un paso de poder ayudarte directamente, comp\u00e1rtenos esta informaci\u00f3n y en breve te contactaremos.","og_url":"https:\/\/sourcingpro.biz\/en\/contacto\/","og_site_name":"Sourcingpro","article_modified_time":"2025-08-27T19:11:45+00:00","og_image":[{"width":922,"height":520,"url":"https:\/\/sourcingpro.biz\/wp-content\/uploads\/2025\/06\/Imagen1.png","type":"image\/png"}],"twitter_card":"summary_large_image","twitter_misc":{"Est. reading time":"1 minute"},"schema":{"@context":"https:\/\/schema.org","@graph":[{"@type":"WebPage","@id":"https:\/\/sourcingpro.biz\/contacto\/","url":"https:\/\/sourcingpro.biz\/contacto\/","name":"Formulario de contacto | Sourcingpro","isPartOf":{"@id":"https:\/\/sourcingpro.biz\/#website"},"datePublished":"2025-07-09T18:12:32+00:00","dateModified":"2025-08-27T19:11:45+00:00","breadcrumb":{"@id":"https:\/\/sourcingpro.biz\/contacto\/#breadcrumb"},"inLanguage":"en-US","potentialAction":[{"@type":"ReadAction","target":["https:\/\/sourcingpro.biz\/contacto\/"]}]},{"@type":"BreadcrumbList","@id":"https:\/\/sourcingpro.biz\/contacto\/#breadcrumb","itemListElement":[{"@type":"ListItem","position":1,"name":"Inicio","item":"https:\/\/sourcingpro.biz\/"},{"@type":"ListItem","position":2,"name":"Formulario de contacto"}]},{"@type":"WebSite","@id":"https:\/\/sourcingpro.biz\/#website","url":"https:\/\/sourcingpro.biz\/","name":"Sourcingpro","description":"Maximizamos tu rentabilidad mediante la optimizaci\u00f3n del gasto","publisher":{"@id":"https:\/\/sourcingpro.biz\/#organization"},"potentialAction":[{"@type":"SearchAction","target":{"@type":"EntryPoint","urlTemplate":"https:\/\/sourcingpro.biz\/?s={search_term_string}"},"query-input":{"@type":"PropertyValueSpecification","valueRequired":true,"valueName":"search_term_string"}}],"inLanguage":"en-US"},{"@type":"Organization","@id":"https:\/\/sourcingpro.biz\/#organization","name":"Sourcingpro","url":"https:\/\/sourcingpro.biz\/","logo":{"@type":"ImageObject","inLanguage":"en-US","@id":"https:\/\/sourcingpro.biz\/#\/schema\/logo\/image\/","url":"https:\/\/sourcingpro.biz\/wp-content\/uploads\/2025\/06\/Icon-3.svg","contentUrl":"https:\/\/sourcingpro.biz\/wp-content\/uploads\/2025\/06\/Icon-3.svg","width":322,"height":402,"caption":"Sourcingpro"},"image":{"@id":"https:\/\/sourcingpro.biz\/#\/schema\/logo\/image\/"}}]}},"_links":{"self":[{"href":"https:\/\/sourcingpro.biz\/en\/wp-json\/wp\/v2\/pages\/552","targetHints":{"allow":["GET"]}}],"collection":[{"href":"https:\/\/sourcingpro.biz\/en\/wp-json\/wp\/v2\/pages"}],"about":[{"href":"https:\/\/sourcingpro.biz\/en\/wp-json\/wp\/v2\/types\/page"}],"author":[{"embeddable":true,"href":"https:\/\/sourcingpro.biz\/en\/wp-json\/wp\/v2\/users\/1"}],"replies":[{"embeddable":true,"href":"https:\/\/sourcingpro.biz\/en\/wp-json\/wp\/v2\/comments?post=552"}],"version-history":[{"count":46,"href":"https:\/\/sourcingpro.biz\/en\/wp-json\/wp\/v2\/pages\/552\/revisions"}],"predecessor-version":[{"id":697,"href":"https:\/\/sourcingpro.biz\/en\/wp-json\/wp\/v2\/pages\/552\/revisions\/697"}],"wp:attachment":[{"href":"https:\/\/sourcingpro.biz\/en\/wp-json\/wp\/v2\/media?parent=552"}],"curies":[{"name":"wp","href":"https:\/\/api.w.org\/{rel}","templated":true}]}}